{"id":81,"date":"2023-02-20T10:01:42","date_gmt":"2023-02-20T09:01:42","guid":{"rendered":"https:\/\/maturaprojekt.gottschall.at\/?page_id=81"},"modified":"2023-09-22T16:36:49","modified_gmt":"2023-09-22T14:36:49","slug":"ziele","status":"publish","type":"page","link":"https:\/\/www.buddybuggy.at\/index.php\/ziele\/","title":{"rendered":"Ziele"},"content":{"rendered":"\n<h2 class=\"wp-block-heading\">Hauptziele<\/h2>\n\n\n\n<h3 class=\"wp-block-heading\">Ziel-H 1&nbsp;&nbsp; Rollbremsung<\/h3>\n\n\n\n<p>Der Kinderwagen ist bei einem Gef\u00e4lle bis zu 7\u00b0(Wie das Gef\u00e4lle im Innenhof der Schule) bei einer<br>Gehgeschwindigkeit (ca. 4 km\/h) und einem Zusatzgewicht von 5 kg selbst gebremst (auf Stillstand),<br>wenn kein Bediener keine Bedienerin mit der Griffstange in Ber\u00fchrung ist.<\/p>\n\n\n\n<p><br><strong>a.<\/strong> Es ist ein funktionierendes Bremssystem ausgelegt und verbaut.<br><strong>b.<\/strong> Die funktionierende und notwendige Elektronik (Motor, Bremse, Spannungsversorgung,<br>Steuerungsleitungen) ausgelegt und verbaut.<br><strong>c.<\/strong> Die ben\u00f6tigten Sensordaten (Steigung, Drehzahl, Griffzustand) sind eingelesen und verwertbar.<br><strong>d. <\/strong>Das Bremssystem ist mit einem externen, aus Metall gefertigtem oder 3D-gedrucktem Geh\u00e4use\/Aufh\u00e4ngung am Kinderwagen montiert.<\/p>\n\n\n\n<p><\/p>\n\n\n\n<h3 class=\"wp-block-heading\">Ziel-H 2&nbsp;&nbsp; Bergfahrunterst\u00fctzung<\/h3>\n\n\n\n<p>Der Kinderwagen mit einem Zusatzgewicht von 5 kg gleicht eine Steigung\/Gef\u00e4lle bis zu +7\u00b0\/-7\u00b0 bei<br>einer Geschwindigkeit (ca. 4 km\/h) aus, sodass es sich anf\u00fchlt, als w\u00fcrde man ihn auf der Ebene<br>schieben. Das bedeutet, dass die Kraftsensoren an der Griffstange bei einer Ebene und einer Steigung\/einem Gef\u00e4lle bis zu +7\u00b0\/-7\u00b0 eine gleiche Kraft (\u00b1 5 N) anzeigen.<\/p>\n\n\n\n<p><br><strong>a<\/strong>. Es ist ein funktionierender Motor berechnet und ausgelegt.<br><strong>b<\/strong>. Es ist ein funktionierender Regelkreis f\u00fcr die Motoren entworfen und umgesetzt.<br><strong>c<\/strong>. Die funktionierende und notwendige Elektronik (Motor, Spannungsversorgung, Steuerungsleitungen) ist entworfen, umgesetzt und verbaut.<br><strong>d<\/strong>. Die ben\u00f6tigten Sensordaten (Steigung, Drehzahl, Griffzustand, Kraft an der Griffstange) sind<br>eingelesen und verwertbar. Diese Sensorwerte sind mittels einer RX-TX-Kommunikation auf<br>den Regelkreis \u00fcbertragen.<br><strong>e<\/strong>. Die Motoren sind mit einem externen, aus Metall gefertigtem oder 3D-gedrucktem Geh\u00e4use\/Aufh\u00e4ngung am Kinderwagen montiert.<br><\/p>\n\n\n\n<h3 class=\"wp-block-heading\">Ziel-H 3&nbsp;&nbsp; Display<\/h3>\n\n\n\n<p>Der Kinderwagen, besitzt ein funktionierendes Touchdisplay, auf dem wichtige Daten und Sensormesswerte (Drehzahl, Geschwindigkeit, Kraft an der Griffstange, Neigung, Akkustand) sowie<br>Zust\u00e4nde (Bremszustand, Motorzustand, In Betrieb) angezeigt werden.<\/p>\n\n\n\n<p><br><strong>a<\/strong>. Die funktionierende und notwendige Elektronik (Display, Spannungsversorgung, Datenleitungen), ist entworfen, umgesetzt und verbaut.<br><strong>b<\/strong>. Das Display ist programmiert, und zeigt die wichtigsten Daten und Sensormesswerte (Drehzahl, Geschwindigkeit, Kraft an der Griffstange, Neigung) sowie Zust\u00e4nde (Bremszustand,<br>Motorzustand) an. Au\u00dferdem ist allf\u00e4llige Kommunikation zwischen den Mikrocontrollern<br>funktionsf\u00e4hig.<\/p>\n\n\n\n<p><br><\/p>\n\n\n\n<h3 class=\"wp-block-heading\">Ziel-H 4 &nbsp;&nbsp;&nbsp;&nbsp;&nbsp; Projektmanagement\/-controlling<\/h3>\n\n\n\n<p>Das Projektmanagement beinhaltet regelm\u00e4\u00dfiges Informieren und Kommunizieren mit den Sponsoren.<br>2-w\u00f6chige Meetings mit den Betreuern und Bearbeiten aller notwendigen Dokumente (in Bezug auf<br>PM) sind durchgef\u00fchrt.<br>Das Projektcontrolling ist angemessen und regelm\u00e4\u00dfig (alle 2 Wochen bei den Meetings) durchgef\u00fchrt.<br><\/p>\n\n\n\n<h3 class=\"wp-block-heading\">Ziel-H 5 &nbsp;&nbsp;&nbsp;&nbsp;&nbsp; Projektmarketing<\/h3>\n\n\n\n<p>Es sind 2-w\u00f6chige Updates und Projektinformationen (anfangend mit der Antragabgabe) auf einer<br>Website und einem Instagram-Kanal hochzuladen.<\/p>\n\n\n\n<p><br><br><\/p>\n\n\n\n<h2 class=\"wp-block-heading\">Optionale Ziele<\/h2>\n\n\n\n<h3 class=\"wp-block-heading\">Ziel-O 1\u00a0\u00a0     Temperatursensor<\/h3>\n\n\n\n<p>Der Kinderwagen ist mit einem funktionierenden Temperatursensor ausgestattet, welcher die<br>Temperatur (\u00b0C) (\u00b11,5 \u00b0C) im Babykorb misst und am Display ausgibt.<\/p>\n\n\n\n<p><br><strong>a.<\/strong> Die funktionierende und notwendige Elektronik (Temperatursensor, Spannungsversorgung,<br>Sensorverschaltung), ist entworfen, umgesetzt und verbaut.<br><strong>b.<\/strong> Die Sensordaten sind eingelesen, und werden am Display ausgegeben.<br><strong>c.<\/strong> Das Geh\u00e4use f\u00fcr die Sensoren ist konstruiert, gefertigt (3d-gedruckt) und montiert.<\/p>\n\n\n\n<h3 class=\"wp-block-heading\">Ziel-O 2\u00a0\u00a0     Luftqualit\u00e4tssensor<\/h3>\n\n\n\n<p>Der Kinderwagen ist mit einem funktionierenden Luftqualit\u00e4tssensor ausgestattet, welcher die<br>VOC-Partikel (Volatile Organic Compounds)- (ppb) (\u00b130 %) im Babykorb misst und am Display ausgibt.<\/p>\n\n\n\n<p><br><strong>a<\/strong>. Die funktionierende und notwendige Elektronik (Luftqualit\u00e4tssensor, Spannungsversorgung,<br>Sensorverschaltung) ist entworfen, umgesetzt und verbaut.<br><strong>b<\/strong>. Die Sensordaten sind eingelesen, und werden am Display ausgegeben.<br><strong>c<\/strong>. Das Geh\u00e4use f\u00fcr die Sensoren ist konstruiert, gefertigt (3d-gedruckt) und montiert.<\/p>\n\n\n\n<h3 class=\"wp-block-heading\">Ziel-O 3       Luftfeuchtigkeitssensor<\/h3>\n\n\n\n<p>Der Kinderwagen ist mit einem funktionierenden Feuchtigkeitssensor ausgestattet, welcher die<br>Luftfeuchtigkeit (%) (\u00b115 %) im Babykorb misst und am Display ausgibt.<\/p>\n\n\n\n<p><br><strong>a. <\/strong>Die funktionierende und notwendige Elektronik (Luftfeuchtigkeitssensor, Spannungsversorgung, Sensorverschaltung), ist entworfen, umgesetzt und verbaut.<br><strong>b.<\/strong> Die Sensordaten sind eingelesen, und werden am Display ausgegeben.<br><strong>c.<\/strong> Das Geh\u00e4use f\u00fcr die Sensoren ist konstruiert, gefertigt (3d-gedruckt) und montiert.<\/p>\n\n\n\n<h3 class=\"wp-block-heading\">Ziel-O 4\u00a0 \u00a0\u00a0\u00a0\u00a0 Kinderwagensperre<\/h3>\n\n\n\n<p>Der Kinderwagen mit einem Zusatzgewicht von 5 kg ist mit einem RFID-Chip oder NFC-Chip zu<br>sperren\/entsperren, sodass er nicht mehr wegrollen kann.<\/p>\n\n\n\n<p><br><strong>a<\/strong>. Die funktionierende und notwendige Elektronik (RFID-\/NFC-Chip, Spannungsversorgung,<br>Verschaltung), ist entworfen, umgesetzt und verbaut.<br><strong>b<\/strong>. Das RFID-Modul, ist funktionsf\u00e4hig programmiert und mit dem Bremssystem erfolgreich verbunden.<br><strong>c<\/strong>. Das Geh\u00e4use f\u00fcr das RFID-\/NFC-Modul ist konstruiert, gefertigt (3d-gedruckt) und montiert.<\/p>\n\n\n\n<h3 class=\"wp-block-heading\">Ziel-O 5       Schlie\u00dffach<\/h3>\n\n\n\n<p>er Kinderwagen besitzt ein Schlie\u00dffach (min. 20 x 10 x 10 mm), welches mit der Kinderwagensperre (RFID-Chip oder NFC-Chip) entriegelt\/verriegelt werden kann.<\/p>\n\n\n\n<p><br><strong>a<\/strong>. Ein Schlie\u00dffach ist entworfen, gefertigt (3d-gedruckt) und montiert.<br><strong>b<\/strong>. Das Schlie\u00dffach ist mit dem RFID\/NFC-Modul vernetzt, sodass es sich mit einem RFID\/NFC-Chip sperren\/entsperren l\u00e4sst.<\/p>\n\n\n\n<h3 class=\"wp-block-heading\">Ziel-O 6 \u00a0\u00a0\u00a0\u00a0\u00a0 Nieselfest<\/h3>\n\n\n\n<p>Der Kinderwagen ist resistent gegen Nieselregen\/Spr\u00fchnebel (Keine Komponenten sind kaputt).<br>Nieselregen kann dabei durch die Nutzung eines Gartenschlauches mit einem Spr\u00fchaufsatz simuliert werden.<\/p>\n","protected":false},"excerpt":{"rendered":"<p>Hauptziele Ziel-H 1&nbsp;&nbsp; Rollbremsung Der Kinderwagen ist bei einem Gef\u00e4lle bis zu 7\u00b0(Wie das Gef\u00e4lle im Innenhof der Schule) bei einerGehgeschwindigkeit (ca. 4 km\/h) und einem Zusatzgewicht von 5 kg selbst gebremst (auf Stillstand),wenn kein Bediener keine Bedienerin mit der Griffstange in Ber\u00fchrung ist. a. Es ist ein funktionierendes Bremssystem ausgelegt und verbaut.b. Die funktionierende &hellip; <\/p>\n<p class=\"link-more\"><a href=\"https:\/\/www.buddybuggy.at\/index.php\/ziele\/\" class=\"more-link\">Mehr <span class=\"screen-reader-text\">\u00fcber &#8222;Ziele&#8220; <\/span>Lesen<\/a><\/p>\n","protected":false},"author":3,"featured_media":0,"parent":0,"menu_order":0,"comment_status":"closed","ping_status":"closed","template":"","meta":{"footnotes":""},"class_list":["post-81","page","type-page","status-publish","hentry"],"_links":{"self":[{"href":"https:\/\/www.buddybuggy.at\/index.php\/wp-json\/wp\/v2\/pages\/81","targetHints":{"allow":["GET"]}}],"collection":[{"href":"https:\/\/www.buddybuggy.at\/index.php\/wp-json\/wp\/v2\/pages"}],"about":[{"href":"https:\/\/www.buddybuggy.at\/index.php\/wp-json\/wp\/v2\/types\/page"}],"author":[{"embeddable":true,"href":"https:\/\/www.buddybuggy.at\/index.php\/wp-json\/wp\/v2\/users\/3"}],"replies":[{"embeddable":true,"href":"https:\/\/www.buddybuggy.at\/index.php\/wp-json\/wp\/v2\/comments?post=81"}],"version-history":[{"count":5,"href":"https:\/\/www.buddybuggy.at\/index.php\/wp-json\/wp\/v2\/pages\/81\/revisions"}],"predecessor-version":[{"id":533,"href":"https:\/\/www.buddybuggy.at\/index.php\/wp-json\/wp\/v2\/pages\/81\/revisions\/533"}],"wp:attachment":[{"href":"https:\/\/www.buddybuggy.at\/index.php\/wp-json\/wp\/v2\/media?parent=81"}],"curies":[{"name":"wp","href":"https:\/\/api.w.org\/{rel}","templated":true}]}}