{"id":388,"date":"2023-09-06T14:07:54","date_gmt":"2023-09-06T12:07:54","guid":{"rendered":"https:\/\/www.buddybuggy.at\/?page_id=388"},"modified":"2023-09-06T14:14:40","modified_gmt":"2023-09-06T12:14:40","slug":"impressum","status":"publish","type":"page","link":"https:\/\/www.buddybuggy.at\/index.php\/impressum\/","title":{"rendered":"Impressum"},"content":{"rendered":"\n<p>Angaben gem\u00e4\u00df Informationspflicht laut \u00a75 E-Commerce Gesetz, \u00a714 Unternehmensgesetzbuch, \u00a763 Gewerbeordnung und Offenlegungspflicht laut \u00a725 Mediengesetz.<\/p>\n\n\n\n<p>BuddyBuggy<br>Fabian Gottschall<br>Rennweg 89b,<br>1030 Wien,<br>\u00d6sterreich<\/p>\n\n\n\n<p><strong>Unternehmensgegenstand:<\/strong>&nbsp;Diplomarbeitsprojekt<\/p>\n\n\n\n<p><strong>E-Mail:<\/strong>&nbsp;<a href=\"mailto:info@buddybuggy.at\">info@buddybuggy.at<\/a><\/p>\n\n\n\n<p><strong>Berufsbezeichnung:<\/strong>&nbsp;Sch\u00fcler<\/p>\n\n\n\n<p><strong>Kontaktdaten des Verantwortlichen f\u00fcr Datenschutz<\/strong><br>Sollten Sie Fragen zum Datenschutz haben, finden Sie nachfolgend die Kontaktdaten der verantwortlichen Person bzw. Stelle:<br>Colin Arnold<br>E-Mail-Adresse:\u00a0<a href=\"mailto:info@buddybuggy.at\">info@buddybuggy.at<\/a><\/p>\n\n\n\n<p>Alle Texte sind urheberrechtlich gesch\u00fctzt.<\/p>\n\n\n\n<p>Quelle: Erstellt mit dem&nbsp;<a href=\"https:\/\/www.adsimple.at\/impressum-generator\/\">Impressum Generator<\/a>&nbsp;von AdSimple<\/p>\n","protected":false},"excerpt":{"rendered":"<p>Angaben gem\u00e4\u00df Informationspflicht laut \u00a75 E-Commerce Gesetz, \u00a714 Unternehmensgesetzbuch, \u00a763 Gewerbeordnung und Offenlegungspflicht laut \u00a725 Mediengesetz. BuddyBuggyFabian GottschallRennweg 89b,1030 Wien,\u00d6sterreich Unternehmensgegenstand:&nbsp;Diplomarbeitsprojekt E-Mail:&nbsp;info@buddybuggy.at Berufsbezeichnung:&nbsp;Sch\u00fcler Kontaktdaten des Verantwortlichen f\u00fcr DatenschutzSollten Sie Fragen zum Datenschutz haben, finden Sie nachfolgend die Kontaktdaten der verantwortlichen Person bzw. Stelle:Colin ArnoldE-Mail-Adresse:\u00a0info@buddybuggy.at Alle Texte sind urheberrechtlich gesch\u00fctzt. Quelle: Erstellt mit dem&nbsp;Impressum Generator&nbsp;von AdSimple<\/p>\n","protected":false},"author":4,"featured_media":0,"parent":0,"menu_order":0,"comment_status":"closed","ping_status":"closed","template":"","meta":{"footnotes":""},"class_list":["post-388","page","type-page","status-publish","hentry"],"_links":{"self":[{"href":"https:\/\/www.buddybuggy.at\/index.php\/wp-json\/wp\/v2\/pages\/388","targetHints":{"allow":["GET"]}}],"collection":[{"href":"https:\/\/www.buddybuggy.at\/index.php\/wp-json\/wp\/v2\/pages"}],"about":[{"href":"https:\/\/www.buddybuggy.at\/index.php\/wp-json\/wp\/v2\/types\/page"}],"author":[{"embeddable":true,"href":"https:\/\/www.buddybuggy.at\/index.php\/wp-json\/wp\/v2\/users\/4"}],"replies":[{"embeddable":true,"href":"https:\/\/www.buddybuggy.at\/index.php\/wp-json\/wp\/v2\/comments?post=388"}],"version-history":[{"count":3,"href":"https:\/\/www.buddybuggy.at\/index.php\/wp-json\/wp\/v2\/pages\/388\/revisions"}],"predecessor-version":[{"id":394,"href":"https:\/\/www.buddybuggy.at\/index.php\/wp-json\/wp\/v2\/pages\/388\/revisions\/394"}],"wp:attachment":[{"href":"https:\/\/www.buddybuggy.at\/index.php\/wp-json\/wp\/v2\/media?parent=388"}],"curies":[{"name":"wp","href":"https:\/\/api.w.org\/{rel}","templated":true}]}}