{"id":32,"date":"2023-02-18T22:07:05","date_gmt":"2023-02-18T21:07:05","guid":{"rendered":"https:\/\/maturaprojekt.gottschall.at\/?page_id=32"},"modified":"2023-09-27T13:05:51","modified_gmt":"2023-09-27T11:05:51","slug":"programmieren","status":"publish","type":"page","link":"https:\/\/www.buddybuggy.at\/index.php\/projekt\/programmieren\/","title":{"rendered":"Programmieren"},"content":{"rendered":"\n<p><\/p>\n\n\n\n<p><strong><em>Zust\u00e4ndigkeitsbereich Fabian GOTTSCHALL<\/em><\/strong><\/p>\n\n\n\n<p>Im Bereich Informatik tragen wir ma\u00dfgeblich zur Entwicklung des BuddyBuggy bei. Unsere Aufgaben umfassen:<\/p>\n\n\n\n<ol class=\"wp-block-list\">\n<li><strong>Softwareentwicklung f\u00fcr Sicherheitssysteme<\/strong>: Wir sind verantwortlich f\u00fcr die Entwicklung von Software, die die Sicherheit des BuddyBuggy gew\u00e4hrleistet. Dies beinhaltet die Programmierung der Sensorik der automatischen Bremse und anderen Sicherheitsfunktionen.<\/li>\n\n\n\n<li><strong>Entwicklung der Benutzeroberfl\u00e4che<\/strong>: Unsere Arbeit umfasst die Gestaltung und Programmierung der Benutzeroberfl\u00e4che des Kinderwagens. Hierbei integrieren wir ein Display mit Informationen und Einstellungen, um die Interaktion f\u00fcr die Benutzer intuitiv zu gestalten.<\/li>\n\n\n\n<li><strong>Sensortechnologie<\/strong>: Wir implementieren Sensoren und erfassen Daten, um den Kinderwagen mit Informationen zu versorgen, die f\u00fcr seine Funktionen ben\u00f6tigt werden. Diese Sensoren erm\u00f6glichen beispielsweise die Bergfahrunterst\u00fctzung und die Erfassung von Umgebungsdaten.<\/li>\n\n\n\n<li><strong>Benutzerfreundlichkeit und Zug\u00e4nglichkeit<\/strong>: Unsere Arbeit zielt darauf ab, sicherzustellen, dass die Informatikkomponenten des BuddyBuggy benutzerfreundlich sind und von jeder Person leicht bedient werden k\u00f6nnen.<\/li>\n<\/ol>\n\n\n\n<p>Unsere Expertise im Bereich Informatik ist entscheidend, um den BuddyBuggy zu einem modernen, sicheren und intelligenten Kinderwagen zu machen, der die Bed\u00fcrfnisse der Benutzer bestm\u00f6glich erf\u00fcllt.<\/p>\n\n\n\n<p><\/p>\n","protected":false},"excerpt":{"rendered":"<p>Zust\u00e4ndigkeitsbereich Fabian GOTTSCHALL Im Bereich Informatik tragen wir ma\u00dfgeblich zur Entwicklung des BuddyBuggy bei. Unsere Aufgaben umfassen: Unsere Expertise im Bereich Informatik ist entscheidend, um den BuddyBuggy zu einem modernen, sicheren und intelligenten Kinderwagen zu machen, der die Bed\u00fcrfnisse der Benutzer bestm\u00f6glich erf\u00fcllt.<\/p>\n","protected":false},"author":1,"featured_media":0,"parent":2,"menu_order":0,"comment_status":"closed","ping_status":"closed","template":"page-templates\/full-width-builder-bb.php","meta":{"footnotes":""},"class_list":["post-32","page","type-page","status-publish","hentry"],"_links":{"self":[{"href":"https:\/\/www.buddybuggy.at\/index.php\/wp-json\/wp\/v2\/pages\/32","targetHints":{"allow":["GET"]}}],"collection":[{"href":"https:\/\/www.buddybuggy.at\/index.php\/wp-json\/wp\/v2\/pages"}],"about":[{"href":"https:\/\/www.buddybuggy.at\/index.php\/wp-json\/wp\/v2\/types\/page"}],"author":[{"embeddable":true,"href":"https:\/\/www.buddybuggy.at\/index.php\/wp-json\/wp\/v2\/users\/1"}],"replies":[{"embeddable":true,"href":"https:\/\/www.buddybuggy.at\/index.php\/wp-json\/wp\/v2\/comments?post=32"}],"version-history":[{"count":3,"href":"https:\/\/www.buddybuggy.at\/index.php\/wp-json\/wp\/v2\/pages\/32\/revisions"}],"predecessor-version":[{"id":531,"href":"https:\/\/www.buddybuggy.at\/index.php\/wp-json\/wp\/v2\/pages\/32\/revisions\/531"}],"up":[{"embeddable":true,"href":"https:\/\/www.buddybuggy.at\/index.php\/wp-json\/wp\/v2\/pages\/2"}],"wp:attachment":[{"href":"https:\/\/www.buddybuggy.at\/index.php\/wp-json\/wp\/v2\/media?parent=32"}],"curies":[{"name":"wp","href":"https:\/\/api.w.org\/{rel}","templated":true}]}}