{"id":312,"date":"2023-09-06T11:05:56","date_gmt":"2023-09-06T09:05:56","guid":{"rendered":"https:\/\/www.buddybuggy.at\/?page_id=312"},"modified":"2024-05-04T19:35:51","modified_gmt":"2024-05-04T17:35:51","slug":"elektronik","status":"publish","type":"page","link":"https:\/\/www.buddybuggy.at\/index.php\/elektronik\/","title":{"rendered":"Elektronik"},"content":{"rendered":"\n<p><strong><em>Zust\u00e4ndigkeitsbereich Bernhard PRENDL<\/em><\/strong><\/p>\n\n\n\n<p><\/p>\n\n\n\n<p>Die Elektrotechnik spielt eine entscheidende Rolle in unserem Diplomarbeitsprojekt, BuddyBuggy. Unsere Aufgaben in der Elektrotechnik umfassen:<\/p>\n\n\n\n<ol class=\"wp-block-list\">\n<li><strong>Entwicklung von Sicherheitssystemen<\/strong>: Wir sind verantwortlich f\u00fcr die Implementierung von Sicherheitsfunktionen, darunter eine automatische Bremse, um unkontrolliertes Wegrollen des Kinderwagens zu verhindern. Dies stellt sicher, dass das Kind immer gesch\u00fctzt ist.<\/li>\n\n\n\n<li><strong>Integration von Qualit\u00e4t-of-Life-Features<\/strong>: Unsere Elektrotechnik umfasst die Einbindung von Features, die den Komfort und die Bequemlichkeit f\u00fcr sowohl das Kind als auch die Person, die den Kinderwagen lenkt, verbessern. Dazu geh\u00f6ren eine Bergfahrunterst\u00fctzung, ein Display mit Informationen und Einstellungen sowie verschiedene Sensoren.<\/li>\n\n\n\n<li><strong>Sicherstellung der Kindersicherheit<\/strong>: Wir gew\u00e4hrleisten, dass alle elektronischen \u00c4nderungen und Funktionen am Kinderwagen keinerlei Risiken f\u00fcr das Kind darstellen. Die Sicherheit des Kindes hat oberste Priorit\u00e4t.<\/li>\n\n\n\n<li><strong>Benutzerfreundliche Bedienbarkeit<\/strong>: Unsere Elektrotechnik sorgt daf\u00fcr, dass die Bedienung des Kinderwagens einfach, unkompliziert und intuitiv ist. Wir m\u00f6chten sicherstellen, dass jeder, der den Kinderwagen benutzt, dies m\u00fchelos tun kann.<\/li>\n<\/ol>\n\n\n\n<p>Unsere Elektrotechnik-Expertise ist entscheidend, um BuddyBuggy zu einem sicheren, komfortablen und benutzerfreundlichen Kinderwagen zu machen.<\/p>\n","protected":false},"excerpt":{"rendered":"<p>Zust\u00e4ndigkeitsbereich Bernhard PRENDL Die Elektrotechnik spielt eine entscheidende Rolle in unserem Diplomarbeitsprojekt, BuddyBuggy. Unsere Aufgaben in der Elektrotechnik umfassen: Unsere Elektrotechnik-Expertise ist entscheidend, um BuddyBuggy zu einem sicheren, komfortablen und benutzerfreundlichen Kinderwagen zu machen.<\/p>\n","protected":false},"author":5,"featured_media":0,"parent":0,"menu_order":0,"comment_status":"closed","ping_status":"closed","template":"page-templates\/full-width-builder-bb.php","meta":{"footnotes":""},"class_list":["post-312","page","type-page","status-publish","hentry"],"_links":{"self":[{"href":"https:\/\/www.buddybuggy.at\/index.php\/wp-json\/wp\/v2\/pages\/312","targetHints":{"allow":["GET"]}}],"collection":[{"href":"https:\/\/www.buddybuggy.at\/index.php\/wp-json\/wp\/v2\/pages"}],"about":[{"href":"https:\/\/www.buddybuggy.at\/index.php\/wp-json\/wp\/v2\/types\/page"}],"author":[{"embeddable":true,"href":"https:\/\/www.buddybuggy.at\/index.php\/wp-json\/wp\/v2\/users\/5"}],"replies":[{"embeddable":true,"href":"https:\/\/www.buddybuggy.at\/index.php\/wp-json\/wp\/v2\/comments?post=312"}],"version-history":[{"count":2,"href":"https:\/\/www.buddybuggy.at\/index.php\/wp-json\/wp\/v2\/pages\/312\/revisions"}],"predecessor-version":[{"id":527,"href":"https:\/\/www.buddybuggy.at\/index.php\/wp-json\/wp\/v2\/pages\/312\/revisions\/527"}],"wp:attachment":[{"href":"https:\/\/www.buddybuggy.at\/index.php\/wp-json\/wp\/v2\/media?parent=312"}],"curies":[{"name":"wp","href":"https:\/\/api.w.org\/{rel}","templated":true}]}}