{"id":28,"date":"2023-02-18T21:59:54","date_gmt":"2023-02-18T20:59:54","guid":{"rendered":"https:\/\/maturaprojekt.gottschall.at\/?page_id=28"},"modified":"2023-09-22T15:41:53","modified_gmt":"2023-09-22T13:41:53","slug":"konstruktion-und-design","status":"publish","type":"page","link":"https:\/\/www.buddybuggy.at\/index.php\/projekt\/konstruktion-und-design\/","title":{"rendered":"Konstruktion und Design"},"content":{"rendered":"\n<p><\/p>\n\n\n\n<p><strong><em>Zust\u00e4ndigkeitsbereich Jan VARGA: <\/em><\/strong><\/p>\n\n\n\n<p>Im Bereich Konstruktion und Mechanik tragen wir wesentlich zur Entwicklung des BuddyBuggy bei. Unsere Aufgaben umfassen:<\/p>\n\n\n\n<ol class=\"wp-block-list\">\n<li><strong>Sicherheitsorientierte Konstruktion<\/strong>: Wir sind verantwortlich f\u00fcr die Konstruktion des Kinderwagens mit besonderem Augenmerk auf Sicherheitsaspekte. Dies schlie\u00dft die Gestaltung von stabilen und zuverl\u00e4ssigen Bremsmechanismen ein, um jegliches unkontrollierte Wegrollen zu verhindern.<\/li>\n\n\n\n<li><strong>Integration von Zusatzfunktionen<\/strong>: Unsere Konstruktionsarbeit umfasst die Einbindung von zus\u00e4tzlichen Funktionen, wie Bergfahrunterst\u00fctzung und Sensoren, in das Design des Kinderwagens, um den Komfort und die Leistungsf\u00e4higkeit zu steigern.<\/li>\n\n\n\n<li><strong>Gew\u00e4hrleistung der Kindersicherheit<\/strong>: Wir stellen sicher, dass jede mechanische \u00c4nderung oder Erg\u00e4nzung am Kinderwagen keinerlei Gefahr f\u00fcr das Kind darstellt. Die Sicherheit des Kindes steht im Mittelpunkt unserer Konstruktionsentscheidungen.<\/li>\n\n\n\n<li><strong>Benutzerfreundliches Design<\/strong>: Unsere Arbeit zielt darauf ab, den BuddyBuggy benutzerfreundlich zu gestalten. Dies schlie\u00dft eine einfache und intuitive Handhabung f\u00fcr die Person, die den Kinderwagen lenkt, mit ein.<\/li>\n<\/ol>\n\n\n\n<p>Unsere Expertise im Bereich Konstruktion und Mechanik ist von entscheidender Bedeutung, um sicherzustellen, dass der BuddyBuggy nicht nur sicher, sondern auch komfortabel und leicht zu handhaben ist.<\/p>\n","protected":false},"excerpt":{"rendered":"<p>Zust\u00e4ndigkeitsbereich Jan VARGA: Im Bereich Konstruktion und Mechanik tragen wir wesentlich zur Entwicklung des BuddyBuggy bei. Unsere Aufgaben umfassen: Unsere Expertise im Bereich Konstruktion und Mechanik ist von entscheidender Bedeutung, um sicherzustellen, dass der BuddyBuggy nicht nur sicher, sondern auch komfortabel und leicht zu handhaben ist.<\/p>\n","protected":false},"author":1,"featured_media":0,"parent":2,"menu_order":0,"comment_status":"closed","ping_status":"closed","template":"page-no-title","meta":{"footnotes":""},"class_list":["post-28","page","type-page","status-publish","hentry"],"_links":{"self":[{"href":"https:\/\/www.buddybuggy.at\/index.php\/wp-json\/wp\/v2\/pages\/28","targetHints":{"allow":["GET"]}}],"collection":[{"href":"https:\/\/www.buddybuggy.at\/index.php\/wp-json\/wp\/v2\/pages"}],"about":[{"href":"https:\/\/www.buddybuggy.at\/index.php\/wp-json\/wp\/v2\/types\/page"}],"author":[{"embeddable":true,"href":"https:\/\/www.buddybuggy.at\/index.php\/wp-json\/wp\/v2\/users\/1"}],"replies":[{"embeddable":true,"href":"https:\/\/www.buddybuggy.at\/index.php\/wp-json\/wp\/v2\/comments?post=28"}],"version-history":[{"count":3,"href":"https:\/\/www.buddybuggy.at\/index.php\/wp-json\/wp\/v2\/pages\/28\/revisions"}],"predecessor-version":[{"id":529,"href":"https:\/\/www.buddybuggy.at\/index.php\/wp-json\/wp\/v2\/pages\/28\/revisions\/529"}],"up":[{"embeddable":true,"href":"https:\/\/www.buddybuggy.at\/index.php\/wp-json\/wp\/v2\/pages\/2"}],"wp:attachment":[{"href":"https:\/\/www.buddybuggy.at\/index.php\/wp-json\/wp\/v2\/media?parent=28"}],"curies":[{"name":"wp","href":"https:\/\/api.w.org\/{rel}","templated":true}]}}