{"id":2,"date":"2023-02-18T18:44:53","date_gmt":"2023-02-18T17:44:53","guid":{"rendered":"https:\/\/maturaprojekt.gottschall.at\/?page_id=2"},"modified":"2023-10-03T13:07:24","modified_gmt":"2023-10-03T11:07:24","slug":"projekt","status":"publish","type":"page","link":"https:\/\/www.buddybuggy.at\/","title":{"rendered":"BuddyBuggy"},"content":{"rendered":"\n<p>Das Projekt BuddyBuggy soll ein Kinderwagen sein, welcher im Gegensatz zu herk\u00f6mmlichen Kinderw\u00e4gen einige zus\u00e4tzliche Sicherheitsfeatures besitzt. Darunter f\u00e4llt zum Beispiel, eine Bremsung bei jeglicher Art des Wegrollens. Neben diesem Feature soll der Kinderwagen noch zus\u00e4tzliche \u201eQuality of Life\u201c Features wie eine Bergfahrunterst\u00fctzung und einem Display (Interface) mit zus\u00e4tzlichen Informationen und Einstellungen besitzen. Au\u00dferdem sollten jegliche \u00c4nderungen, welche am Kinderwagen vorgenommen werden, nicht die Sicherheit (Benutzen von Schadstoffen, etc.) oder den Komfort eines Kindes gef\u00e4hrden oder einschr\u00e4nken. Au\u00dferdem soll die Bedienung einfach, unkompliziert und intuitiv sein, damit jeder und jede diesen Kinderwagen  einfach bedienen kann.<br><br><\/p>\n\n\n\n<h2 class=\"wp-block-heading\">Ziel der Diplomarbeit<\/h2>\n\n\n\n<p><strong>Hauptziele<\/strong>:<br>Ziel-H 1 Rollbremsung<br>Ziel-H 2 Bergfahrunterst\u00fctzung<br>Ziel-H 3 Display<br>Ziel-H 4 Projektmanagement\/-controlling<br>Ziel-H 5 Projektmarketing<br><br><strong>Optionale Ziele:<\/strong><br>Ziel-O 1 Temperatursensor<br>Ziel-O 2 Luftqualit\u00e4tssensor<br>Ziel-0 3 Luftfeuchtigkeitssensor<br>Ziel-O 4 Kinderwagenspeere<br>Ziel-O 5 Schlie\u00dffach<br>Ziel-O 6 Nieselfest<\/p>\n\n\n\n<p><a href=\"https:\/\/www.buddybuggy.at\/index.php\/ziele\/\" data-type=\"page\" data-id=\"81\">mehr Erfahren<\/a><br><br><\/p>\n\n\n\n<h2 class=\"wp-block-heading\">Beitr\u00e4ge:<\/h2>\n\n\n\n<div class=\"wp-block-query is-layout-flow wp-block-query-is-layout-flow\"><ul class=\"wp-block-post-template is-layout-flow wp-block-post-template-is-layout-flow\"><li class=\"wp-block-post post-769 post type-post status-publish format-standard hentry category-uncategorized\">\n<h2 class=\"wp-block-post-title\">Schlie\u00dffach montiert!<\/h2>\n\n<div class=\"wp-block-post-date\"><time datetime=\"2024-03-08T19:11:55+01:00\">08\/03\/2024<\/time><\/div>\n\n\n<p><a href=\"https:\/\/www.buddybuggy.at\/index.php\/beitraege\/\" data-type=\"page\" data-id=\"436\">mehr Erfahren<\/a><\/p>\n\n<\/li><li class=\"wp-block-post post-763 post type-post status-publish format-standard hentry category-uncategorized\">\n<h2 class=\"wp-block-post-title\">Die Alu-Antriebshalter werden gefertigt!<\/h2>\n\n<div class=\"wp-block-post-date\"><time datetime=\"2024-02-23T07:17:18+01:00\">23\/02\/2024<\/time><\/div>\n\n\n<p><a href=\"https:\/\/www.buddybuggy.at\/index.php\/beitraege\/\" data-type=\"page\" data-id=\"436\">mehr Erfahren<\/a><\/p>\n\n<\/li><li class=\"wp-block-post post-746 post type-post status-publish format-standard hentry category-uncategorized\">\n<h2 class=\"wp-block-post-title\">Die Lenkstabilisatoren<\/h2>\n\n<div class=\"wp-block-post-date\"><time datetime=\"2024-02-18T21:07:13+01:00\">18\/02\/2024<\/time><\/div>\n\n\n<p><a href=\"https:\/\/www.buddybuggy.at\/index.php\/beitraege\/\" data-type=\"page\" data-id=\"436\">mehr Erfahren<\/a><\/p>\n\n<\/li><\/ul>\n\n\n<div class=\"wp-block-buttons is-layout-flex wp-block-buttons-is-layout-flex\"><\/div>\n\n\n<nav class=\"wp-block-query-pagination is-layout-flex wp-block-query-pagination-is-layout-flex\" aria-label=\"Seitennummerierung\">\n\n\n<div class=\"wp-block-query-pagination-numbers\"><span aria-current=\"page\" class=\"page-numbers current\">1<\/span>\n<a class=\"page-numbers\" href=\"?query-0-page=2\">2<\/a>\n<a class=\"page-numbers\" href=\"?query-0-page=3\">3<\/a>\n<span class=\"page-numbers dots\">&hellip;<\/span>\n<a class=\"page-numbers\" href=\"?query-0-page=5\">5<\/a><\/div>\n\n<a href=\"\/index.php\/wp-json\/wp\/v2\/pages\/2?query-0-page=2\" class=\"wp-block-query-pagination-next\">N\u00e4chste Seite<\/a>\n<\/nav>\n\n<\/div>\n","protected":false},"excerpt":{"rendered":"<p>Das Projekt BuddyBuggy soll ein Kinderwagen sein, welcher im Gegensatz zu herk\u00f6mmlichen Kinderw\u00e4gen einige zus\u00e4tzliche Sicherheitsfeatures besitzt. Darunter f\u00e4llt zum Beispiel, eine Bremsung bei jeglicher Art des Wegrollens. Neben diesem Feature soll der Kinderwagen noch zus\u00e4tzliche \u201eQuality of Life\u201c Features wie eine Bergfahrunterst\u00fctzung und einem Display (Interface) mit zus\u00e4tzlichen Informationen und Einstellungen besitzen. Au\u00dferdem sollten &hellip; <\/p>\n<p class=\"link-more\"><a href=\"https:\/\/www.buddybuggy.at\/\" class=\"more-link\">Mehr <span class=\"screen-reader-text\">\u00fcber &#8222;BuddyBuggy&#8220; <\/span>Lesen<\/a><\/p>\n","protected":false},"author":1,"featured_media":0,"parent":0,"menu_order":0,"comment_status":"open","ping_status":"closed","template":"page-no-title","meta":{"footnotes":""},"class_list":["post-2","page","type-page","status-publish","hentry"],"_links":{"self":[{"href":"https:\/\/www.buddybuggy.at\/index.php\/wp-json\/wp\/v2\/pages\/2","targetHints":{"allow":["GET"]}}],"collection":[{"href":"https:\/\/www.buddybuggy.at\/index.php\/wp-json\/wp\/v2\/pages"}],"about":[{"href":"https:\/\/www.buddybuggy.at\/index.php\/wp-json\/wp\/v2\/types\/page"}],"author":[{"embeddable":true,"href":"https:\/\/www.buddybuggy.at\/index.php\/wp-json\/wp\/v2\/users\/1"}],"replies":[{"embeddable":true,"href":"https:\/\/www.buddybuggy.at\/index.php\/wp-json\/wp\/v2\/comments?post=2"}],"version-history":[{"count":27,"href":"https:\/\/www.buddybuggy.at\/index.php\/wp-json\/wp\/v2\/pages\/2\/revisions"}],"predecessor-version":[{"id":635,"href":"https:\/\/www.buddybuggy.at\/index.php\/wp-json\/wp\/v2\/pages\/2\/revisions\/635"}],"wp:attachment":[{"href":"https:\/\/www.buddybuggy.at\/index.php\/wp-json\/wp\/v2\/media?parent=2"}],"curies":[{"name":"wp","href":"https:\/\/api.w.org\/{rel}","templated":true}]}}